{"id":2178,"date":"2025-12-11T12:03:36","date_gmt":"2025-12-11T20:03:36","guid":{"rendered":"https:\/\/smwlu49.org\/?page_id=2178"},"modified":"2025-12-15T20:52:50","modified_gmt":"2025-12-16T04:52:50","slug":"terms-of-use","status":"publish","type":"page","link":"https:\/\/smwlu49.org\/es\/terms-of-use\/","title":{"rendered":"Condiciones de uso"},"content":{"rendered":"<div data-elementor-type=\"wp-page\" data-elementor-id=\"2178\" class=\"elementor elementor-2178\" data-elementor-post-type=\"page\">\n\t\t\t\t<div data-particle_enable=\"false\" data-particle-mobile-disabled=\"false\" class=\"elementor-element elementor-element-77e7eb28 e-flex e-con-boxed e-con e-parent\" data-id=\"77e7eb28\" data-element_type=\"container\" data-e-type=\"container\">\n\t\t\t\t\t<div class=\"e-con-inner\">\n\t\t\t\t<div class=\"elementor-element elementor-element-6b15274c elementor-widget elementor-widget-text-editor\" data-id=\"6b15274c\" data-element_type=\"widget\" data-e-type=\"widget\" data-widget_type=\"text-editor.default\">\n\t\t\t\t\t\t\t\t\t<p>T\u00c9RMINOS DE USO<br \/>Fecha de entrada en vigor: 1 de enero de 2025<\/p>\n<p>Bienvenido a smwlu49.org (el \u201cSitio web\u201d). Al acceder o utilizar nuestro Sitio web, usted acepta los siguientes t\u00e9rminos y condiciones. Si no est\u00e1 de acuerdo, le rogamos que no utilice el Sitio web.<\/p>\n<p>1. Uso del sitio web<br \/>Usted acepta utilizar este sitio web \u00fanicamente con fines legales. No podr\u00e1:<\/p>\n<p>Modificar, reproducir o distribuir contenido sin permiso.<br \/>Utilizar el sitio web de forma que perjudique su funcionalidad o seguridad.<br \/>Intentar obtener acceso no autorizado a cualquier parte del sitio web.<\/p>\n<p>2. Propiedad intelectual<\/p>\n<p>Todo el contenido de este sitio web, incluyendo el texto, las im\u00e1genes y el dise\u00f1o, es propiedad de smwlu49.org o de sus licenciantes y est\u00e1 protegido por las leyes de derechos de autor.<\/p>\n<p>3. Limitaci\u00f3n de responsabilidad<br \/>Smwlu49.org no se hace responsable de ning\u00fan da\u00f1o derivado del uso que usted haga de este sitio web o de su contenido.<\/p>\n<p>4. Enlaces de terceros<br \/>Este sitio web puede contener enlaces a sitios web de terceros. No nos hacemos responsables de su contenido ni de sus pr\u00e1cticas de privacidad.<\/p>\n<p>5. Cambios en los t\u00e9rminos<br \/>Podemos actualizar estas Condiciones de uso en cualquier momento. El uso continuado del sitio web tras los cambios implica su aceptaci\u00f3n.<\/p>\n<p>6. Cont\u00e1ctenos<br \/>Si tiene alguna pregunta sobre estas Condiciones de uso, p\u00f3ngase en contacto con nosotros en:<\/p>\n<p>info@smwlu49.com<br \/>(505) 266-5878<\/p>\t\t\t\t\t\t\t\t<\/div>\n\t\t\t\t\t<\/div>\n\t\t\t\t<\/div>\n\t\t\t\t<\/div>","protected":false},"excerpt":{"rendered":"<p>TERMS OF USEEffective Date: January 1, 2025 Welcome to smwlu49.org (the \u201cWebsite\u201d). By accessing or using our Website, you agree to the following terms and conditions. If you do not [&hellip;]<\/p>\n","protected":false},"author":1,"featured_media":2272,"parent":0,"menu_order":0,"comment_status":"closed","ping_status":"closed","template":"elementor_header_footer","meta":{"_price":"","_stock":"","_tribe_ticket_header":"","_tribe_default_ticket_provider":"","_tribe_ticket_capacity":"0","_ticket_start_date":"","_ticket_end_date":"","_tribe_ticket_show_description":"","_tribe_ticket_show_not_going":false,"_tribe_ticket_use_global_stock":"","_tribe_ticket_global_stock_level":"","_global_stock_mode":"","_global_stock_cap":"","_tribe_rsvp_for_event":"","_tribe_ticket_going_count":"","_tribe_ticket_not_going_count":"","_tribe_tickets_list":"[]","_tribe_ticket_has_attendee_info_fields":false,"footnotes":"","_tec_slr_enabled":"","_tec_slr_layout":""},"class_list":["post-2178","page","type-page","status-publish","has-post-thumbnail","hentry"],"yoast_head":"<!-- This site is optimized with the Yoast SEO plugin v27.6 - https:\/\/yoast.com\/product\/yoast-seo-wordpress\/ -->\n<title>Terms of Use - smwlu49.org<\/title>\n<meta name=\"robots\" content=\"index, follow, max-snippet:-1, max-image-preview:large, max-video-preview:-1\" \/>\n<link rel=\"canonical\" href=\"https:\/\/smwlu49.org\/es\/terms-of-use\/\" \/>\n<meta property=\"og:locale\" content=\"es_MX\" \/>\n<meta property=\"og:type\" content=\"article\" \/>\n<meta property=\"og:title\" content=\"Terms of Use - smwlu49.org\" \/>\n<meta property=\"og:description\" content=\"TERMS OF USEEffective Date: January 1, 2025 Welcome to smwlu49.org (the \u201cWebsite\u201d). By accessing or using our Website, you agree to the following terms and conditions. If you do not [&hellip;]\" \/>\n<meta property=\"og:url\" content=\"https:\/\/smwlu49.org\/es\/terms-of-use\/\" \/>\n<meta property=\"og:site_name\" content=\"smwlu49.org\" \/>\n<meta property=\"article:modified_time\" content=\"2025-12-16T04:52:50+00:00\" \/>\n<meta property=\"og:image\" content=\"https:\/\/smwlu49.org\/wp-content\/uploads\/2025\/12\/SMART-Sheet-Metal-Workers-Local-Union-49-FB.webp\" \/>\n\t<meta property=\"og:image:width\" content=\"1200\" \/>\n\t<meta property=\"og:image:height\" content=\"628\" \/>\n\t<meta property=\"og:image:type\" content=\"image\/webp\" \/>\n<meta name=\"twitter:card\" content=\"summary_large_image\" \/>\n<meta name=\"twitter:label1\" content=\"Tiempo de lectura\" \/>\n\t<meta name=\"twitter:data1\" content=\"2 minutos\" \/>\n<script type=\"application\/ld+json\" class=\"yoast-schema-graph\">{\"@context\":\"https:\\\/\\\/schema.org\",\"@graph\":[{\"@type\":\"WebPage\",\"@id\":\"https:\\\/\\\/smwlu49.org\\\/terms-of-use\\\/\",\"url\":\"https:\\\/\\\/smwlu49.org\\\/terms-of-use\\\/\",\"name\":\"Terms of Use - smwlu49.org\",\"isPartOf\":{\"@id\":\"https:\\\/\\\/smwlu49.org\\\/#website\"},\"primaryImageOfPage\":{\"@id\":\"https:\\\/\\\/smwlu49.org\\\/terms-of-use\\\/#primaryimage\"},\"image\":{\"@id\":\"https:\\\/\\\/smwlu49.org\\\/terms-of-use\\\/#primaryimage\"},\"thumbnailUrl\":\"https:\\\/\\\/smwlu49.org\\\/wp-content\\\/uploads\\\/2025\\\/12\\\/SMART-Sheet-Metal-Workers-Local-Union-49-FB.webp\",\"datePublished\":\"2025-12-11T20:03:36+00:00\",\"dateModified\":\"2025-12-16T04:52:50+00:00\",\"breadcrumb\":{\"@id\":\"https:\\\/\\\/smwlu49.org\\\/terms-of-use\\\/#breadcrumb\"},\"inLanguage\":\"es\",\"potentialAction\":[{\"@type\":\"ReadAction\",\"target\":[\"https:\\\/\\\/smwlu49.org\\\/terms-of-use\\\/\"]}]},{\"@type\":\"ImageObject\",\"inLanguage\":\"es\",\"@id\":\"https:\\\/\\\/smwlu49.org\\\/terms-of-use\\\/#primaryimage\",\"url\":\"https:\\\/\\\/smwlu49.org\\\/wp-content\\\/uploads\\\/2025\\\/12\\\/SMART-Sheet-Metal-Workers-Local-Union-49-FB.webp\",\"contentUrl\":\"https:\\\/\\\/smwlu49.org\\\/wp-content\\\/uploads\\\/2025\\\/12\\\/SMART-Sheet-Metal-Workers-Local-Union-49-FB.webp\",\"width\":1200,\"height\":628},{\"@type\":\"BreadcrumbList\",\"@id\":\"https:\\\/\\\/smwlu49.org\\\/terms-of-use\\\/#breadcrumb\",\"itemListElement\":[{\"@type\":\"ListItem\",\"position\":1,\"name\":\"Home\",\"item\":\"https:\\\/\\\/smwlu49.org\\\/\"},{\"@type\":\"ListItem\",\"position\":2,\"name\":\"Terms of Use\"}]},{\"@type\":\"WebSite\",\"@id\":\"https:\\\/\\\/smwlu49.org\\\/#website\",\"url\":\"https:\\\/\\\/smwlu49.org\\\/\",\"name\":\"smwlu49.org\",\"description\":\"\",\"potentialAction\":[{\"@type\":\"SearchAction\",\"target\":{\"@type\":\"EntryPoint\",\"urlTemplate\":\"https:\\\/\\\/smwlu49.org\\\/?s={search_term_string}\"},\"query-input\":{\"@type\":\"PropertyValueSpecification\",\"valueRequired\":true,\"valueName\":\"search_term_string\"}}],\"inLanguage\":\"es\"}]}<\/script>\n<!-- \/ Yoast SEO plugin. -->","yoast_head_json":{"title":"Terms of Use - smwlu49.org","robots":{"index":"index","follow":"follow","max-snippet":"max-snippet:-1","max-image-preview":"max-image-preview:large","max-video-preview":"max-video-preview:-1"},"canonical":"https:\/\/smwlu49.org\/es\/terms-of-use\/","og_locale":"es_MX","og_type":"article","og_title":"Terms of Use - smwlu49.org","og_description":"TERMS OF USEEffective Date: January 1, 2025 Welcome to smwlu49.org (the \u201cWebsite\u201d). By accessing or using our Website, you agree to the following terms and conditions. If you do not [&hellip;]","og_url":"https:\/\/smwlu49.org\/es\/terms-of-use\/","og_site_name":"smwlu49.org","article_modified_time":"2025-12-16T04:52:50+00:00","og_image":[{"width":1200,"height":628,"url":"https:\/\/smwlu49.org\/wp-content\/uploads\/2025\/12\/SMART-Sheet-Metal-Workers-Local-Union-49-FB.webp","type":"image\/webp"}],"twitter_card":"summary_large_image","twitter_misc":{"Tiempo de lectura":"2 minutos"},"schema":{"@context":"https:\/\/schema.org","@graph":[{"@type":"WebPage","@id":"https:\/\/smwlu49.org\/terms-of-use\/","url":"https:\/\/smwlu49.org\/terms-of-use\/","name":"Terms of Use - smwlu49.org","isPartOf":{"@id":"https:\/\/smwlu49.org\/#website"},"primaryImageOfPage":{"@id":"https:\/\/smwlu49.org\/terms-of-use\/#primaryimage"},"image":{"@id":"https:\/\/smwlu49.org\/terms-of-use\/#primaryimage"},"thumbnailUrl":"https:\/\/smwlu49.org\/wp-content\/uploads\/2025\/12\/SMART-Sheet-Metal-Workers-Local-Union-49-FB.webp","datePublished":"2025-12-11T20:03:36+00:00","dateModified":"2025-12-16T04:52:50+00:00","breadcrumb":{"@id":"https:\/\/smwlu49.org\/terms-of-use\/#breadcrumb"},"inLanguage":"es","potentialAction":[{"@type":"ReadAction","target":["https:\/\/smwlu49.org\/terms-of-use\/"]}]},{"@type":"ImageObject","inLanguage":"es","@id":"https:\/\/smwlu49.org\/terms-of-use\/#primaryimage","url":"https:\/\/smwlu49.org\/wp-content\/uploads\/2025\/12\/SMART-Sheet-Metal-Workers-Local-Union-49-FB.webp","contentUrl":"https:\/\/smwlu49.org\/wp-content\/uploads\/2025\/12\/SMART-Sheet-Metal-Workers-Local-Union-49-FB.webp","width":1200,"height":628},{"@type":"BreadcrumbList","@id":"https:\/\/smwlu49.org\/terms-of-use\/#breadcrumb","itemListElement":[{"@type":"ListItem","position":1,"name":"Home","item":"https:\/\/smwlu49.org\/"},{"@type":"ListItem","position":2,"name":"Terms of Use"}]},{"@type":"WebSite","@id":"https:\/\/smwlu49.org\/#website","url":"https:\/\/smwlu49.org\/","name":"smwlu49.org","description":"","potentialAction":[{"@type":"SearchAction","target":{"@type":"EntryPoint","urlTemplate":"https:\/\/smwlu49.org\/?s={search_term_string}"},"query-input":{"@type":"PropertyValueSpecification","valueRequired":true,"valueName":"search_term_string"}}],"inLanguage":"es"}]}},"ticketed":false,"_links":{"self":[{"href":"https:\/\/smwlu49.org\/es\/wp-json\/wp\/v2\/pages\/2178","targetHints":{"allow":["GET"]}}],"collection":[{"href":"https:\/\/smwlu49.org\/es\/wp-json\/wp\/v2\/pages"}],"about":[{"href":"https:\/\/smwlu49.org\/es\/wp-json\/wp\/v2\/types\/page"}],"author":[{"embeddable":true,"href":"https:\/\/smwlu49.org\/es\/wp-json\/wp\/v2\/users\/1"}],"replies":[{"embeddable":true,"href":"https:\/\/smwlu49.org\/es\/wp-json\/wp\/v2\/comments?post=2178"}],"version-history":[{"count":10,"href":"https:\/\/smwlu49.org\/es\/wp-json\/wp\/v2\/pages\/2178\/revisions"}],"predecessor-version":[{"id":2207,"href":"https:\/\/smwlu49.org\/es\/wp-json\/wp\/v2\/pages\/2178\/revisions\/2207"}],"wp:featuredmedia":[{"embeddable":true,"href":"https:\/\/smwlu49.org\/es\/wp-json\/wp\/v2\/media\/2272"}],"wp:attachment":[{"href":"https:\/\/smwlu49.org\/es\/wp-json\/wp\/v2\/media?parent=2178"}],"curies":[{"name":"la hora de","href":"https:\/\/api.w.org\/{rel}","templated":true}]}}