{"id":3,"date":"2025-09-22T20:03:57","date_gmt":"2025-09-22T20:03:57","guid":{"rendered":"http:\/\/smwlu49.org\/?page_id=3"},"modified":"2025-12-15T20:52:47","modified_gmt":"2025-12-16T04:52:47","slug":"privacy-policy","status":"publish","type":"page","link":"https:\/\/smwlu49.org\/es\/privacy-policy\/","title":{"rendered":"Pol\u00edtica de privacidad"},"content":{"rendered":"<div data-elementor-type=\"wp-page\" data-elementor-id=\"3\" class=\"elementor elementor-3\" data-elementor-post-type=\"page\">\n\t\t\t\t<div data-particle_enable=\"false\" data-particle-mobile-disabled=\"false\" class=\"elementor-element elementor-element-77e7eb28 e-flex e-con-boxed e-con e-parent\" data-id=\"77e7eb28\" data-element_type=\"container\" data-e-type=\"container\">\n\t\t\t\t\t<div class=\"e-con-inner\">\n\t\t\t\t<div class=\"elementor-element elementor-element-6b15274c elementor-widget elementor-widget-text-editor\" data-id=\"6b15274c\" data-element_type=\"widget\" data-e-type=\"widget\" data-widget_type=\"text-editor.default\">\n\t\t\t\t\t\t\t\t\t\n<p>POL\u00cdTICA DE PRIVACIDAD<br \/>Fecha de entrada en vigor: 1 de enero de 2025<\/p>\n<p>Smwlu49.org (en adelante, \u201cnosotros\u201d, \u201cnos\u201d o \u201cnuestro\u201d) respeta su privacidad y se compromete a proteger su informaci\u00f3n personal. La presente Pol\u00edtica de privacidad describe c\u00f3mo recopilamos, utilizamos y protegemos sus datos cuando visita nuestro sitio web.<\/p>\n<p>1. Informaci\u00f3n que recopilamos<\/p>\n<p>Informaci\u00f3n personal: Cuando se comunique con nosotros, se suscriba a boletines informativos o utilice formularios en nuestro sitio web, podemos recopilar su nombre, direcci\u00f3n de correo electr\u00f3nico, n\u00famero de tel\u00e9fono y otros datos que nos proporcione.<\/p>\n<p>Informaci\u00f3n no personal: Recopilamos datos no identificables, como el tipo de navegador, la informaci\u00f3n del dispositivo, la direcci\u00f3n IP y las p\u00e1ginas visitadas, utilizando cookies y tecnolog\u00edas similares.<\/p>\n<p>2. C\u00f3mo utilizamos su informaci\u00f3n<\/p>\n<p>Podemos utilizar la informaci\u00f3n que recopilamos para:<\/p>\n<p>Responder a consultas o solicitudes.<br \/>Mejorar nuestro sitio web y la experiencia del usuario.<br \/>Enviar boletines informativos o correos electr\u00f3nicos promocionales (con su consentimiento).<br \/>Monitorea el tr\u00e1fico del sitio web y los patrones de uso.<\/p>\n<p>3. Intercambio de informaci\u00f3n<\/p>\n<p>No vendemos, alquilamos ni compartimos su informaci\u00f3n personal con terceros, salvo cuando sea necesario para:<\/p>\n<p>Cumplir con las obligaciones legales.<br \/>Proteger los derechos y la seguridad de nuestro sitio web o de nuestros usuarios.<\/p>\n<p>4. Cookies<\/p>\n<p>Nuestro sitio web utiliza cookies para mejorar su funcionalidad y realizar un seguimiento de su uso. Puede administrar o desactivar las cookies a trav\u00e9s de la configuraci\u00f3n de su navegador.<\/p>\n<p>5. Sus derechos<\/p>\n<p>Tienes derecho a:<\/p>\n<p>Acceda, actualice o elimine su informaci\u00f3n personal.<br \/>Excluirse de recibir comunicaciones promocionales.<br \/>Solicite informaci\u00f3n sobre c\u00f3mo tratamos sus datos.<\/p>\n<p>6. Cont\u00e1ctenos<\/p>\n<p>Si tiene alguna pregunta sobre esta Pol\u00edtica de privacidad, p\u00f3ngase en contacto con nosotros en:<\/p>\n<p>info@smwlu49.com<br \/>(505) 266-5878<\/p>\t\t\t\t\t\t\t\t<\/div>\n\t\t\t\t\t<\/div>\n\t\t\t\t<\/div>\n\t\t\t\t<\/div>","protected":false},"excerpt":{"rendered":"<p>PRIVACY POLICYEffective Date: January 1, 2025 Smwlu49.org (referred to as \u201cwe,\u201d \u201cus,\u201d or \u201cour\u201d) respects your privacy and is committed to protecting your personal information. This Privacy Policy outlines how [&hellip;]<\/p>\n","protected":false},"author":1,"featured_media":2272,"parent":0,"menu_order":0,"comment_status":"closed","ping_status":"closed","template":"elementor_header_footer","meta":{"_price":"","_stock":"","_tribe_ticket_header":"","_tribe_default_ticket_provider":"","_tribe_ticket_capacity":"0","_ticket_start_date":"","_ticket_end_date":"","_tribe_ticket_show_description":"","_tribe_ticket_show_not_going":false,"_tribe_ticket_use_global_stock":"","_tribe_ticket_global_stock_level":"","_global_stock_mode":"","_global_stock_cap":"","_tribe_rsvp_for_event":"","_tribe_ticket_going_count":"","_tribe_ticket_not_going_count":"","_tribe_tickets_list":"[]","_tribe_ticket_has_attendee_info_fields":false,"footnotes":"","_tec_slr_enabled":"","_tec_slr_layout":""},"class_list":["post-3","page","type-page","status-publish","has-post-thumbnail","hentry"],"yoast_head":"<!-- This site is optimized with the Yoast SEO plugin v27.6 - https:\/\/yoast.com\/product\/yoast-seo-wordpress\/ -->\n<title>Privacy Policy - smwlu49.org<\/title>\n<meta name=\"robots\" content=\"index, follow, max-snippet:-1, max-image-preview:large, max-video-preview:-1\" \/>\n<link rel=\"canonical\" href=\"https:\/\/smwlu49.org\/es\/privacy-policy\/\" \/>\n<meta property=\"og:locale\" content=\"es_MX\" \/>\n<meta property=\"og:type\" content=\"article\" \/>\n<meta property=\"og:title\" content=\"Privacy Policy - smwlu49.org\" \/>\n<meta property=\"og:description\" content=\"PRIVACY POLICYEffective Date: January 1, 2025 Smwlu49.org (referred to as \u201cwe,\u201d \u201cus,\u201d or \u201cour\u201d) respects your privacy and is committed to protecting your personal information. This Privacy Policy outlines how [&hellip;]\" \/>\n<meta property=\"og:url\" content=\"https:\/\/smwlu49.org\/es\/privacy-policy\/\" \/>\n<meta property=\"og:site_name\" content=\"smwlu49.org\" \/>\n<meta property=\"article:modified_time\" content=\"2025-12-16T04:52:47+00:00\" \/>\n<meta property=\"og:image\" content=\"https:\/\/smwlu49.org\/wp-content\/uploads\/2025\/12\/SMART-Sheet-Metal-Workers-Local-Union-49-FB.webp\" \/>\n\t<meta property=\"og:image:width\" content=\"1200\" \/>\n\t<meta property=\"og:image:height\" content=\"628\" \/>\n\t<meta property=\"og:image:type\" content=\"image\/webp\" \/>\n<meta name=\"twitter:card\" content=\"summary_large_image\" \/>\n<meta name=\"twitter:label1\" content=\"Tiempo de lectura\" \/>\n\t<meta name=\"twitter:data1\" content=\"2 minutos\" \/>\n<script type=\"application\/ld+json\" class=\"yoast-schema-graph\">{\"@context\":\"https:\\\/\\\/schema.org\",\"@graph\":[{\"@type\":\"WebPage\",\"@id\":\"https:\\\/\\\/smwlu49.org\\\/privacy-policy\\\/\",\"url\":\"https:\\\/\\\/smwlu49.org\\\/privacy-policy\\\/\",\"name\":\"Privacy Policy - smwlu49.org\",\"isPartOf\":{\"@id\":\"https:\\\/\\\/smwlu49.org\\\/#website\"},\"primaryImageOfPage\":{\"@id\":\"https:\\\/\\\/smwlu49.org\\\/privacy-policy\\\/#primaryimage\"},\"image\":{\"@id\":\"https:\\\/\\\/smwlu49.org\\\/privacy-policy\\\/#primaryimage\"},\"thumbnailUrl\":\"https:\\\/\\\/smwlu49.org\\\/wp-content\\\/uploads\\\/2025\\\/12\\\/SMART-Sheet-Metal-Workers-Local-Union-49-FB.webp\",\"datePublished\":\"2025-09-22T20:03:57+00:00\",\"dateModified\":\"2025-12-16T04:52:47+00:00\",\"breadcrumb\":{\"@id\":\"https:\\\/\\\/smwlu49.org\\\/privacy-policy\\\/#breadcrumb\"},\"inLanguage\":\"es\",\"potentialAction\":[{\"@type\":\"ReadAction\",\"target\":[\"https:\\\/\\\/smwlu49.org\\\/privacy-policy\\\/\"]}]},{\"@type\":\"ImageObject\",\"inLanguage\":\"es\",\"@id\":\"https:\\\/\\\/smwlu49.org\\\/privacy-policy\\\/#primaryimage\",\"url\":\"https:\\\/\\\/smwlu49.org\\\/wp-content\\\/uploads\\\/2025\\\/12\\\/SMART-Sheet-Metal-Workers-Local-Union-49-FB.webp\",\"contentUrl\":\"https:\\\/\\\/smwlu49.org\\\/wp-content\\\/uploads\\\/2025\\\/12\\\/SMART-Sheet-Metal-Workers-Local-Union-49-FB.webp\",\"width\":1200,\"height\":628},{\"@type\":\"BreadcrumbList\",\"@id\":\"https:\\\/\\\/smwlu49.org\\\/privacy-policy\\\/#breadcrumb\",\"itemListElement\":[{\"@type\":\"ListItem\",\"position\":1,\"name\":\"Home\",\"item\":\"https:\\\/\\\/smwlu49.org\\\/\"},{\"@type\":\"ListItem\",\"position\":2,\"name\":\"Privacy Policy\"}]},{\"@type\":\"WebSite\",\"@id\":\"https:\\\/\\\/smwlu49.org\\\/#website\",\"url\":\"https:\\\/\\\/smwlu49.org\\\/\",\"name\":\"smwlu49.org\",\"description\":\"\",\"potentialAction\":[{\"@type\":\"SearchAction\",\"target\":{\"@type\":\"EntryPoint\",\"urlTemplate\":\"https:\\\/\\\/smwlu49.org\\\/?s={search_term_string}\"},\"query-input\":{\"@type\":\"PropertyValueSpecification\",\"valueRequired\":true,\"valueName\":\"search_term_string\"}}],\"inLanguage\":\"es\"}]}<\/script>\n<!-- \/ Yoast SEO plugin. -->","yoast_head_json":{"title":"Pol\u00edtica de Privacidad - smwlu49.org","robots":{"index":"index","follow":"follow","max-snippet":"max-snippet:-1","max-image-preview":"max-image-preview:large","max-video-preview":"max-video-preview:-1"},"canonical":"https:\/\/smwlu49.org\/es\/privacy-policy\/","og_locale":"es_MX","og_type":"article","og_title":"Privacy Policy - smwlu49.org","og_description":"PRIVACY POLICYEffective Date: January 1, 2025 Smwlu49.org (referred to as \u201cwe,\u201d \u201cus,\u201d or \u201cour\u201d) respects your privacy and is committed to protecting your personal information. This Privacy Policy outlines how [&hellip;]","og_url":"https:\/\/smwlu49.org\/es\/privacy-policy\/","og_site_name":"smwlu49.org","article_modified_time":"2025-12-16T04:52:47+00:00","og_image":[{"width":1200,"height":628,"url":"https:\/\/smwlu49.org\/wp-content\/uploads\/2025\/12\/SMART-Sheet-Metal-Workers-Local-Union-49-FB.webp","type":"image\/webp"}],"twitter_card":"summary_large_image","twitter_misc":{"Tiempo de lectura":"2 minutos"},"schema":{"@context":"https:\/\/schema.org","@graph":[{"@type":"WebPage","@id":"https:\/\/smwlu49.org\/privacy-policy\/","url":"https:\/\/smwlu49.org\/privacy-policy\/","name":"Pol\u00edtica de Privacidad - smwlu49.org","isPartOf":{"@id":"https:\/\/smwlu49.org\/#website"},"primaryImageOfPage":{"@id":"https:\/\/smwlu49.org\/privacy-policy\/#primaryimage"},"image":{"@id":"https:\/\/smwlu49.org\/privacy-policy\/#primaryimage"},"thumbnailUrl":"https:\/\/smwlu49.org\/wp-content\/uploads\/2025\/12\/SMART-Sheet-Metal-Workers-Local-Union-49-FB.webp","datePublished":"2025-09-22T20:03:57+00:00","dateModified":"2025-12-16T04:52:47+00:00","breadcrumb":{"@id":"https:\/\/smwlu49.org\/privacy-policy\/#breadcrumb"},"inLanguage":"es","potentialAction":[{"@type":"ReadAction","target":["https:\/\/smwlu49.org\/privacy-policy\/"]}]},{"@type":"ImageObject","inLanguage":"es","@id":"https:\/\/smwlu49.org\/privacy-policy\/#primaryimage","url":"https:\/\/smwlu49.org\/wp-content\/uploads\/2025\/12\/SMART-Sheet-Metal-Workers-Local-Union-49-FB.webp","contentUrl":"https:\/\/smwlu49.org\/wp-content\/uploads\/2025\/12\/SMART-Sheet-Metal-Workers-Local-Union-49-FB.webp","width":1200,"height":628},{"@type":"BreadcrumbList","@id":"https:\/\/smwlu49.org\/privacy-policy\/#breadcrumb","itemListElement":[{"@type":"ListItem","position":1,"name":"Home","item":"https:\/\/smwlu49.org\/"},{"@type":"ListItem","position":2,"name":"Privacy Policy"}]},{"@type":"WebSite","@id":"https:\/\/smwlu49.org\/#website","url":"https:\/\/smwlu49.org\/","name":"smwlu49.org","description":"","potentialAction":[{"@type":"SearchAction","target":{"@type":"EntryPoint","urlTemplate":"https:\/\/smwlu49.org\/?s={search_term_string}"},"query-input":{"@type":"PropertyValueSpecification","valueRequired":true,"valueName":"search_term_string"}}],"inLanguage":"es"}]}},"ticketed":false,"_links":{"self":[{"href":"https:\/\/smwlu49.org\/es\/wp-json\/wp\/v2\/pages\/3","targetHints":{"allow":["GET"]}}],"collection":[{"href":"https:\/\/smwlu49.org\/es\/wp-json\/wp\/v2\/pages"}],"about":[{"href":"https:\/\/smwlu49.org\/es\/wp-json\/wp\/v2\/types\/page"}],"author":[{"embeddable":true,"href":"https:\/\/smwlu49.org\/es\/wp-json\/wp\/v2\/users\/1"}],"replies":[{"embeddable":true,"href":"https:\/\/smwlu49.org\/es\/wp-json\/wp\/v2\/comments?post=3"}],"version-history":[{"count":17,"href":"https:\/\/smwlu49.org\/es\/wp-json\/wp\/v2\/pages\/3\/revisions"}],"predecessor-version":[{"id":2275,"href":"https:\/\/smwlu49.org\/es\/wp-json\/wp\/v2\/pages\/3\/revisions\/2275"}],"wp:featuredmedia":[{"embeddable":true,"href":"https:\/\/smwlu49.org\/es\/wp-json\/wp\/v2\/media\/2272"}],"wp:attachment":[{"href":"https:\/\/smwlu49.org\/es\/wp-json\/wp\/v2\/media?parent=3"}],"curies":[{"name":"la hora de","href":"https:\/\/api.w.org\/{rel}","templated":true}]}}